{"id":38,"date":"2012-09-07T17:05:23","date_gmt":"2012-09-08T00:05:23","guid":{"rendered":"http:\/\/jacktippettsdc.neonbrandhost.net\/?page_id=38"},"modified":"2014-05-29T04:40:43","modified_gmt":"2014-05-29T11:40:43","slug":"testimonios","status":"publish","type":"page","link":"https:\/\/meadows-chiro.com\/es\/testimonios\/","title":{"rendered":"Testimonios"},"content":{"rendered":"<p><img loading=\"lazy\" decoding=\"async\" class=\"alignright\" src=\"http:\/\/meadows.wpengine.com\/wp-content\/uploads\/2012\/09\/happy-people-300x216.jpg\" alt=\"Gente feliz\" width=\"300\" height=\"216\" \/><br \/>\n&#8220;El Dr. Mitchell comenz\u00f3 a ajustarme en abril de 2000 debido a las jaquecas que estaba teniendo. Durante muchos a\u00f1os sufr\u00ed de migra\u00f1as y mi doctor intent\u00f3 todo tipo de p\u00edldoras y hasta autoinyecciones de medicamentos. Nada me ayud\u00f3 mucho realmente, as\u00ed que intent\u00e9 con quiropraxia. Desde que \u00e9l empez\u00f3 a ayudarme, mis jaquecas est\u00e1n bastante controladas&#8230; Si siento que se aproxima una fuerte, me hago ajustar el cuello y se va. \u00a1Esto es verdaderamente mucho mejor que las p\u00edldoras e inyecciones!&#8221;<br \/>\n<em><strong>&#8211; Thomas P<\/strong><\/em><\/p>\n<p>&#8220;Excelente personal y excelente interpretaci\u00f3n de la lesi\u00f3n&#8221;.<br \/>\n<em><strong>&#8211; Antonio D.<\/strong> <\/em><\/p>\n<p>&#8220;Tanto el Dr. Chong como el Dr. Mitchell fueron excelentes. Si ten\u00eda alguna pregunta, la respond\u00edan lo mejor que pod\u00edan. Y lo m\u00e1s importante, me sent\u00ed muy c\u00f3modo con la atm\u00f3sfera y la personalidad de los m\u00e9dicos. \u00a1Gracias!&#8221;<br \/>\n<em><strong>&#8211; Brian C<\/strong><\/em><\/p>\n<p>&#8220;Servicio y personal excelentes. Muy amigables&#8230; como si fuesen familia&#8221;.<br \/>\n<em><strong>&#8211; Patricia H<\/strong> <\/em><\/p>\n<p>&#8220;Trabajo en un casino y tengo que transportar objetos pesados todo el tiempo. Sol\u00eda tener dolor en la parte baja de la espalda y dolor de hombros por muchos a\u00f1os. Desde que comenc\u00e9 a ver al Dr. Mitchell en junio, me siento perfecta. Mi lumbago se fue y todo mi cuerpo se siente mucho mejor. El Dr. Mitchell y Sue son maravillosos. Espero con ansias venir a verlos a cada mes&#8221;.<br \/>\n<strong><em>&#8211; Cynthia T<\/em><\/strong><\/p>\n<p>&#8220;Los m\u00e9dicos y personal son muy profesionales y amigables&#8221;.<br \/>\n<em><strong>&#8211; Aurora K<\/strong><\/em><\/p>\n<p>&#8220;Te tratan realmente bien, son dulces y amables con todos los pacientes. Te hacen sentir bien en todo momento&#8221;.<br \/>\n<em><strong>&#8211; Carter K<\/strong><\/em><\/p>\n<p>&#8220;Muy profesionales, amigables y serviciales&#8221;.<br \/>\n<strong><em>&#8211; Katie M<\/em><\/strong><\/p>\n<p>&#8220;El personal amistoso realmente te hace sentir c\u00f3modo. Todos ustedes son maravillosos y excelentes en lo que hacen&#8221;.<br \/>\n<strong><em>&#8211; Tom D<\/em><\/strong><\/p>\n<p>&#8220;Siento que los m\u00e9dicos en Meadows Chiropractic son los mejores quiropr\u00e1cticos que he visto. Redujeron el dolor que estaba experimentando y siempre son suaves y atentos&#8221;.<br clear=\"none\" \/><strong><em>&#8211;\u00a0 Julia Y<\/em><\/strong><\/p>\n<p>&#8220;He sido paciente del Dr. Andrew Mitchell por m\u00e1s de 16 a\u00f1os ya. Realmente se preocupa por sus pacientes. Todos en Meadows Chiropractic son maravillosos. Se los recomendar\u00eda a todos&#8221;.<br \/>\n<em><strong>&#8211; Ann R<\/strong><\/em><\/p>\n","protected":false},"excerpt":{"rendered":"<p>&#8220;El Dr. Mitchell comenz\u00f3 a ajustarme en abril de 2000 debido a las jaquecas que estaba teniendo. Durante muchos a\u00f1os sufr\u00ed de migra\u00f1as y mi doctor intent\u00f3 todo tipo de p\u00edldoras y hasta autoinyecciones de medicamentos. Nada me ayud\u00f3 mucho realmente, as\u00ed que intent\u00e9 con quiropraxia. Desde que \u00e9l empez\u00f3 a ayudarme, mis jaquecas est\u00e1n [&hellip;]<\/p>\n","protected":false},"author":2,"featured_media":73,"parent":0,"menu_order":3,"comment_status":"open","ping_status":"open","template":"","meta":{"_monsterinsights_skip_tracking":false,"_monsterinsights_sitenote_active":false,"_monsterinsights_sitenote_note":"","_monsterinsights_sitenote_category":0,"footnotes":""},"class_list":["post-38","page","type-page","status-publish","has-post-thumbnail","hentry","entry"],"yoast_head":"<!-- This site is optimized with the Yoast SEO plugin v27.4 - https:\/\/yoast.com\/product\/yoast-seo-wordpress\/ -->\n<title>Testimonios - Meadows Chiropractic<\/title>\n<meta name=\"description\" content=\"&quot;El Dr. Mitchell comenz\u00f3 a ajustarme en abril de 2000 debido a las jaquecas que estaba teniendo. Durante muchos a\u00f1os sufr\u00ed de migra\u00f1as y mi doctor intent\u00f3\" \/>\n<meta name=\"robots\" content=\"index, follow, max-snippet:-1, max-image-preview:large, max-video-preview:-1\" \/>\n<link rel=\"canonical\" href=\"https:\/\/meadows-chiro.com\/testimonials\/\" \/>\n<meta property=\"og:locale\" content=\"es_ES\" \/>\n<meta property=\"og:type\" content=\"article\" \/>\n<meta property=\"og:title\" content=\"Testimonios - Meadows Chiropractic\" \/>\n<meta property=\"og:description\" content=\"&quot;El Dr. Mitchell comenz\u00f3 a ajustarme en abril de 2000 debido a las jaquecas que estaba teniendo. Durante muchos a\u00f1os sufr\u00ed de migra\u00f1as y mi doctor intent\u00f3\" \/>\n<meta property=\"og:url\" content=\"https:\/\/meadows-chiro.com\/testimonials\/\" \/>\n<meta property=\"og:site_name\" content=\"Meadows Chiropractic\" \/>\n<meta property=\"article:modified_time\" content=\"2014-05-29T11:40:43+00:00\" \/>\n<meta property=\"og:image\" content=\"https:\/\/meadows-chiro.com\/app\/uploads\/2012\/09\/happy-people.jpg\" \/>\n\t<meta property=\"og:image:width\" content=\"2410\" \/>\n\t<meta property=\"og:image:height\" content=\"1740\" \/>\n\t<meta property=\"og:image:type\" content=\"image\/jpeg\" \/>\n<meta name=\"twitter:label1\" content=\"Est. reading time\" \/>\n\t<meta name=\"twitter:data1\" content=\"2 minutes\" \/>\n<script type=\"application\/ld+json\" class=\"yoast-schema-graph\">{\"@context\":\"https:\\\/\\\/schema.org\",\"@graph\":[{\"@type\":\"WebPage\",\"@id\":\"https:\\\/\\\/meadows-chiro.com\\\/testimonials\\\/\",\"url\":\"https:\\\/\\\/meadows-chiro.com\\\/testimonials\\\/\",\"name\":\"Testimonios - Meadows Chiropractic\",\"isPartOf\":{\"@id\":\"https:\\\/\\\/meadows-chiro.com\\\/#website\"},\"primaryImageOfPage\":{\"@id\":\"https:\\\/\\\/meadows-chiro.com\\\/testimonials\\\/#primaryimage\"},\"image\":{\"@id\":\"https:\\\/\\\/meadows-chiro.com\\\/testimonials\\\/#primaryimage\"},\"thumbnailUrl\":\"https:\\\/\\\/meadows-chiro.com\\\/wp-content\\\/uploads\\\/2012\\\/09\\\/happy-people.jpg\",\"datePublished\":\"2012-09-08T00:05:23+00:00\",\"dateModified\":\"2014-05-29T11:40:43+00:00\",\"description\":\"\\\"El Dr. Mitchell comenz\u00f3 a ajustarme en abril de 2000 debido a las jaquecas que estaba teniendo. Durante muchos a\u00f1os sufr\u00ed de migra\u00f1as y mi doctor intent\u00f3\",\"breadcrumb\":{\"@id\":\"https:\\\/\\\/meadows-chiro.com\\\/testimonials\\\/#breadcrumb\"},\"inLanguage\":\"es-ES\",\"potentialAction\":[{\"@type\":\"ReadAction\",\"target\":[\"https:\\\/\\\/meadows-chiro.com\\\/testimonials\\\/\"]}]},{\"@type\":\"ImageObject\",\"inLanguage\":\"es-ES\",\"@id\":\"https:\\\/\\\/meadows-chiro.com\\\/testimonials\\\/#primaryimage\",\"url\":\"https:\\\/\\\/meadows-chiro.com\\\/wp-content\\\/uploads\\\/2012\\\/09\\\/happy-people.jpg\",\"contentUrl\":\"https:\\\/\\\/meadows-chiro.com\\\/wp-content\\\/uploads\\\/2012\\\/09\\\/happy-people.jpg\",\"width\":\"2410\",\"height\":\"1740\",\"caption\":\"Happy People\"},{\"@type\":\"BreadcrumbList\",\"@id\":\"https:\\\/\\\/meadows-chiro.com\\\/testimonials\\\/#breadcrumb\",\"itemListElement\":[{\"@type\":\"ListItem\",\"position\":1,\"name\":\"Home\",\"item\":\"https:\\\/\\\/meadows-chiro.com\\\/\"},{\"@type\":\"ListItem\",\"position\":2,\"name\":\"Testimonios\"}]},{\"@type\":\"WebSite\",\"@id\":\"https:\\\/\\\/meadows-chiro.com\\\/#website\",\"url\":\"https:\\\/\\\/meadows-chiro.com\\\/\",\"name\":\"Meadows Chiropractic\",\"description\":\"\",\"potentialAction\":[{\"@type\":\"SearchAction\",\"target\":{\"@type\":\"EntryPoint\",\"urlTemplate\":\"https:\\\/\\\/meadows-chiro.com\\\/?s={search_term_string}\"},\"query-input\":{\"@type\":\"PropertyValueSpecification\",\"valueRequired\":true,\"valueName\":\"search_term_string\"}}],\"inLanguage\":\"es-ES\"}]}<\/script>\n<!-- \/ Yoast SEO plugin. -->","yoast_head_json":{"title":"Testimonios - Meadows Chiropractic","description":"\"El Dr. Mitchell comenz\u00f3 a ajustarme en abril de 2000 debido a las jaquecas que estaba teniendo. Durante muchos a\u00f1os sufr\u00ed de migra\u00f1as y mi doctor intent\u00f3","robots":{"index":"index","follow":"follow","max-snippet":"max-snippet:-1","max-image-preview":"max-image-preview:large","max-video-preview":"max-video-preview:-1"},"canonical":"https:\/\/meadows-chiro.com\/testimonials\/","og_locale":"es_ES","og_type":"article","og_title":"Testimonios - Meadows Chiropractic","og_description":"\"El Dr. Mitchell comenz\u00f3 a ajustarme en abril de 2000 debido a las jaquecas que estaba teniendo. Durante muchos a\u00f1os sufr\u00ed de migra\u00f1as y mi doctor intent\u00f3","og_url":"https:\/\/meadows-chiro.com\/testimonials\/","og_site_name":"Meadows Chiropractic","article_modified_time":"2014-05-29T11:40:43+00:00","og_image":[{"width":2410,"height":1740,"url":"https:\/\/meadows-chiro.com\/app\/uploads\/2012\/09\/happy-people.jpg","type":"image\/jpeg"}],"twitter_misc":{"Est. reading time":"2 minutes"},"schema":{"@context":"https:\/\/schema.org","@graph":[{"@type":"WebPage","@id":"https:\/\/meadows-chiro.com\/testimonials\/","url":"https:\/\/meadows-chiro.com\/testimonials\/","name":"Testimonios - Meadows Chiropractic","isPartOf":{"@id":"https:\/\/meadows-chiro.com\/#website"},"primaryImageOfPage":{"@id":"https:\/\/meadows-chiro.com\/testimonials\/#primaryimage"},"image":{"@id":"https:\/\/meadows-chiro.com\/testimonials\/#primaryimage"},"thumbnailUrl":"https:\/\/meadows-chiro.com\/wp-content\/uploads\/2012\/09\/happy-people.jpg","datePublished":"2012-09-08T00:05:23+00:00","dateModified":"2014-05-29T11:40:43+00:00","description":"\"El Dr. Mitchell comenz\u00f3 a ajustarme en abril de 2000 debido a las jaquecas que estaba teniendo. Durante muchos a\u00f1os sufr\u00ed de migra\u00f1as y mi doctor intent\u00f3","breadcrumb":{"@id":"https:\/\/meadows-chiro.com\/testimonials\/#breadcrumb"},"inLanguage":"es-ES","potentialAction":[{"@type":"ReadAction","target":["https:\/\/meadows-chiro.com\/testimonials\/"]}]},{"@type":"ImageObject","inLanguage":"es-ES","@id":"https:\/\/meadows-chiro.com\/testimonials\/#primaryimage","url":"https:\/\/meadows-chiro.com\/wp-content\/uploads\/2012\/09\/happy-people.jpg","contentUrl":"https:\/\/meadows-chiro.com\/wp-content\/uploads\/2012\/09\/happy-people.jpg","width":"2410","height":"1740","caption":"Happy People"},{"@type":"BreadcrumbList","@id":"https:\/\/meadows-chiro.com\/testimonials\/#breadcrumb","itemListElement":[{"@type":"ListItem","position":1,"name":"Home","item":"https:\/\/meadows-chiro.com\/"},{"@type":"ListItem","position":2,"name":"Testimonios"}]},{"@type":"WebSite","@id":"https:\/\/meadows-chiro.com\/#website","url":"https:\/\/meadows-chiro.com\/","name":"Meadows Chiropractic","description":"","potentialAction":[{"@type":"SearchAction","target":{"@type":"EntryPoint","urlTemplate":"https:\/\/meadows-chiro.com\/?s={search_term_string}"},"query-input":{"@type":"PropertyValueSpecification","valueRequired":true,"valueName":"search_term_string"}}],"inLanguage":"es-ES"}]}},"_links":{"self":[{"href":"https:\/\/meadows-chiro.com\/es\/wp-json\/wp\/v2\/pages\/38","targetHints":{"allow":["GET"]}}],"collection":[{"href":"https:\/\/meadows-chiro.com\/es\/wp-json\/wp\/v2\/pages"}],"about":[{"href":"https:\/\/meadows-chiro.com\/es\/wp-json\/wp\/v2\/types\/page"}],"author":[{"embeddable":true,"href":"https:\/\/meadows-chiro.com\/es\/wp-json\/wp\/v2\/users\/2"}],"replies":[{"embeddable":true,"href":"https:\/\/meadows-chiro.com\/es\/wp-json\/wp\/v2\/comments?post=38"}],"version-history":[{"count":0,"href":"https:\/\/meadows-chiro.com\/es\/wp-json\/wp\/v2\/pages\/38\/revisions"}],"wp:featuredmedia":[{"embeddable":true,"href":"https:\/\/meadows-chiro.com\/es\/wp-json\/wp\/v2\/media\/73"}],"wp:attachment":[{"href":"https:\/\/meadows-chiro.com\/es\/wp-json\/wp\/v2\/media?parent=38"}],"curies":[{"name":"wp","href":"https:\/\/api.w.org\/{rel}","templated":true}]}}