{"id":34,"date":"2012-09-07T16:58:48","date_gmt":"2012-09-07T23:58:48","guid":{"rendered":"http:\/\/jacktippettsdc.neonbrandhost.net\/?page_id=34"},"modified":"2019-05-13T14:04:25","modified_gmt":"2019-05-13T21:04:25","slug":"quienes-somos","status":"publish","type":"page","link":"https:\/\/meadows-chiro.com\/es\/quienes-somos\/","title":{"rendered":"Qui\u00e9nes somos"},"content":{"rendered":"<p><img loading=\"lazy\" decoding=\"async\" class=\"alignright size-medium wp-image-73\" src=\"https:\/\/meadows-chiro.com\/wp-content\/uploads\/2012\/09\/happy-people-300x216.jpg\" alt=\"Happy People\" width=\"300\" height=\"216\" srcset=\"https:\/\/meadows-chiro.com\/wp-content\/uploads\/2012\/09\/happy-people-300x216.jpg 300w, https:\/\/meadows-chiro.com\/wp-content\/uploads\/2012\/09\/happy-people-1024x739.jpg 1024w\" sizes=\"auto, (max-width: 300px) 100vw, 300px\" \/>Los esfuerzos para mejorar su salud en general deber\u00edan extenderse m\u00e1s all\u00e1 del consultorio del m\u00e9dico. Por eso realizamos un acercamiento hol\u00edstico a la medicina que ayuda a que nuestros pacientes alcancen sus objetivos de salud \u00f3ptimos y los mantengan de manera cotidiana. Cuando ingrese a nuestro completo centro de bienestar, inmediatamente ver\u00e1 que nuestra misi\u00f3n es asegurar que cada uno de nuestros pacientes se sienta de la mejor forma cada d\u00eda.<\/p>\n<p>Si bien los consultorios m\u00e9dicos convencionales diagnostican y tratan las enfermedades, malestares y dolor a medida que ocurren, el objetivo de Meadows Chiropractic. es promover el bienestar total para reducir el riesgo de, y posiblemente evitar, estos malestares. Al tomar un acercamiento mental y corporal hacia la medicina, nuestros pacientes son libres de disfrutar del estilo de vida activo completo que desean.<\/p>\n<p>Nuestro consultorio no es s\u00f3lo un respiro c\u00e1lido y acogedor del resto del mundo, sino tambi\u00e9n un lugar para la educaci\u00f3n y tratamiento que conducen a vidas m\u00e1s saludables. Nuestro personal es experto en su campo y su pasi\u00f3n por el bienestar completo es tanto evidente como contagiosa. Cualesquiera que sean los objetivos de salud de nuestros pacientes, estamos aqu\u00ed para ayudarlos a lograr esos objetivos.<\/p>\n<p>Venga con Meadows Chiropractic, y lo ayudaremos a encontrar un yo m\u00e1s saludable.<\/p>\n<h2>Our Staff<\/h2>\n<p><strong>Dr. Andrew Mitchell<\/strong>, Chiropractor\/Owner<br \/>\n<strong>Dr. Jason Chong<\/strong>, Chiropractor\/Owner<\/p>\n<p><strong>Iliana<\/strong>, Chiropractic Assistant\/ Admin. Assistant<\/p>\n<p><strong>Jazmine<\/strong>,\u00a0Chiropractic Assistant\/ Admin. Assistant<\/p>\n<p><strong>Ofelia<\/strong>, Administrative Assistant<\/p>\n","protected":false},"excerpt":{"rendered":"<p>Los esfuerzos para mejorar su salud en general deber\u00edan extenderse m\u00e1s all\u00e1 del consultorio del m\u00e9dico. Por eso realizamos un acercamiento hol\u00edstico a la medicina que ayuda a que nuestros pacientes alcancen sus objetivos de salud \u00f3ptimos y los mantengan de manera cotidiana. Cuando ingrese a nuestro completo centro de bienestar, inmediatamente ver\u00e1 que nuestra [&hellip;]<\/p>\n","protected":false},"author":2,"featured_media":73,"parent":0,"menu_order":1,"comment_status":"open","ping_status":"open","template":"","meta":{"_monsterinsights_skip_tracking":false,"_monsterinsights_sitenote_active":false,"_monsterinsights_sitenote_note":"","_monsterinsights_sitenote_category":0,"footnotes":""},"class_list":["post-34","page","type-page","status-publish","has-post-thumbnail","hentry","entry"],"yoast_head":"<!-- This site is optimized with the Yoast SEO plugin v27.4 - https:\/\/yoast.com\/product\/yoast-seo-wordpress\/ -->\n<title>Qui\u00e9nes somos - Meadows Chiropractic<\/title>\n<meta name=\"description\" content=\"Los esfuerzos para mejorar su salud en general deber\u00edan extenderse m\u00e1s all\u00e1 del consultorio del m\u00e9dico. Por eso realizamos un acercamiento hol\u00edstico a la\" \/>\n<meta name=\"robots\" content=\"index, follow, max-snippet:-1, max-image-preview:large, max-video-preview:-1\" \/>\n<link rel=\"canonical\" href=\"https:\/\/meadows-chiro.com\/es\/quienes-somos\/\" \/>\n<meta property=\"og:locale\" content=\"es_ES\" \/>\n<meta property=\"og:type\" content=\"article\" \/>\n<meta property=\"og:title\" content=\"Qui\u00e9nes somos - Meadows Chiropractic\" \/>\n<meta property=\"og:description\" content=\"Los esfuerzos para mejorar su salud en general deber\u00edan extenderse m\u00e1s all\u00e1 del consultorio del m\u00e9dico. Por eso realizamos un acercamiento hol\u00edstico a la\" \/>\n<meta property=\"og:url\" content=\"https:\/\/meadows-chiro.com\/es\/quienes-somos\/\" \/>\n<meta property=\"og:site_name\" content=\"Meadows Chiropractic\" \/>\n<meta property=\"article:modified_time\" content=\"2019-05-13T21:04:25+00:00\" \/>\n<meta property=\"og:image\" content=\"https:\/\/meadows-chiro.com\/app\/uploads\/2012\/09\/happy-people.jpg\" \/>\n\t<meta property=\"og:image:width\" content=\"2410\" \/>\n\t<meta property=\"og:image:height\" content=\"1740\" \/>\n\t<meta property=\"og:image:type\" content=\"image\/jpeg\" \/>\n<meta name=\"twitter:label1\" content=\"Est. reading time\" \/>\n\t<meta name=\"twitter:data1\" content=\"1 minute\" \/>\n<script type=\"application\/ld+json\" class=\"yoast-schema-graph\">{\"@context\":\"https:\\\/\\\/schema.org\",\"@graph\":[{\"@type\":\"WebPage\",\"@id\":\"https:\\\/\\\/meadows-chiro.com\\\/es\\\/quienes-somos\\\/\",\"url\":\"https:\\\/\\\/meadows-chiro.com\\\/es\\\/quienes-somos\\\/\",\"name\":\"Qui\u00e9nes somos - Meadows Chiropractic\",\"isPartOf\":{\"@id\":\"https:\\\/\\\/meadows-chiro.com\\\/#website\"},\"primaryImageOfPage\":{\"@id\":\"https:\\\/\\\/meadows-chiro.com\\\/es\\\/quienes-somos\\\/#primaryimage\"},\"image\":{\"@id\":\"https:\\\/\\\/meadows-chiro.com\\\/es\\\/quienes-somos\\\/#primaryimage\"},\"thumbnailUrl\":\"https:\\\/\\\/meadows-chiro.com\\\/wp-content\\\/uploads\\\/2012\\\/09\\\/happy-people.jpg\",\"datePublished\":\"2012-09-07T23:58:48+00:00\",\"dateModified\":\"2019-05-13T21:04:25+00:00\",\"description\":\"Los esfuerzos para mejorar su salud en general deber\u00edan extenderse m\u00e1s all\u00e1 del consultorio del m\u00e9dico. Por eso realizamos un acercamiento hol\u00edstico a la\",\"breadcrumb\":{\"@id\":\"https:\\\/\\\/meadows-chiro.com\\\/es\\\/quienes-somos\\\/#breadcrumb\"},\"inLanguage\":\"es-ES\",\"potentialAction\":[{\"@type\":\"ReadAction\",\"target\":[\"https:\\\/\\\/meadows-chiro.com\\\/es\\\/quienes-somos\\\/\"]}]},{\"@type\":\"ImageObject\",\"inLanguage\":\"es-ES\",\"@id\":\"https:\\\/\\\/meadows-chiro.com\\\/es\\\/quienes-somos\\\/#primaryimage\",\"url\":\"https:\\\/\\\/meadows-chiro.com\\\/wp-content\\\/uploads\\\/2012\\\/09\\\/happy-people.jpg\",\"contentUrl\":\"https:\\\/\\\/meadows-chiro.com\\\/wp-content\\\/uploads\\\/2012\\\/09\\\/happy-people.jpg\",\"width\":\"2410\",\"height\":\"1740\",\"caption\":\"Happy People\"},{\"@type\":\"BreadcrumbList\",\"@id\":\"https:\\\/\\\/meadows-chiro.com\\\/es\\\/quienes-somos\\\/#breadcrumb\",\"itemListElement\":[{\"@type\":\"ListItem\",\"position\":1,\"name\":\"Home\",\"item\":\"https:\\\/\\\/meadows-chiro.com\\\/\"},{\"@type\":\"ListItem\",\"position\":2,\"name\":\"Qui\u00e9nes somos\"}]},{\"@type\":\"WebSite\",\"@id\":\"https:\\\/\\\/meadows-chiro.com\\\/#website\",\"url\":\"https:\\\/\\\/meadows-chiro.com\\\/\",\"name\":\"Meadows Chiropractic\",\"description\":\"\",\"potentialAction\":[{\"@type\":\"SearchAction\",\"target\":{\"@type\":\"EntryPoint\",\"urlTemplate\":\"https:\\\/\\\/meadows-chiro.com\\\/?s={search_term_string}\"},\"query-input\":{\"@type\":\"PropertyValueSpecification\",\"valueRequired\":true,\"valueName\":\"search_term_string\"}}],\"inLanguage\":\"es-ES\"}]}<\/script>\n<!-- \/ Yoast SEO plugin. -->","yoast_head_json":{"title":"Qui\u00e9nes somos - Meadows Chiropractic","description":"Los esfuerzos para mejorar su salud en general deber\u00edan extenderse m\u00e1s all\u00e1 del consultorio del m\u00e9dico. Por eso realizamos un acercamiento hol\u00edstico a la","robots":{"index":"index","follow":"follow","max-snippet":"max-snippet:-1","max-image-preview":"max-image-preview:large","max-video-preview":"max-video-preview:-1"},"canonical":"https:\/\/meadows-chiro.com\/es\/quienes-somos\/","og_locale":"es_ES","og_type":"article","og_title":"Qui\u00e9nes somos - Meadows Chiropractic","og_description":"Los esfuerzos para mejorar su salud en general deber\u00edan extenderse m\u00e1s all\u00e1 del consultorio del m\u00e9dico. Por eso realizamos un acercamiento hol\u00edstico a la","og_url":"https:\/\/meadows-chiro.com\/es\/quienes-somos\/","og_site_name":"Meadows Chiropractic","article_modified_time":"2019-05-13T21:04:25+00:00","og_image":[{"width":2410,"height":1740,"url":"https:\/\/meadows-chiro.com\/app\/uploads\/2012\/09\/happy-people.jpg","type":"image\/jpeg"}],"twitter_misc":{"Est. reading time":"1 minute"},"schema":{"@context":"https:\/\/schema.org","@graph":[{"@type":"WebPage","@id":"https:\/\/meadows-chiro.com\/es\/quienes-somos\/","url":"https:\/\/meadows-chiro.com\/es\/quienes-somos\/","name":"Qui\u00e9nes somos - Meadows Chiropractic","isPartOf":{"@id":"https:\/\/meadows-chiro.com\/#website"},"primaryImageOfPage":{"@id":"https:\/\/meadows-chiro.com\/es\/quienes-somos\/#primaryimage"},"image":{"@id":"https:\/\/meadows-chiro.com\/es\/quienes-somos\/#primaryimage"},"thumbnailUrl":"https:\/\/meadows-chiro.com\/wp-content\/uploads\/2012\/09\/happy-people.jpg","datePublished":"2012-09-07T23:58:48+00:00","dateModified":"2019-05-13T21:04:25+00:00","description":"Los esfuerzos para mejorar su salud en general deber\u00edan extenderse m\u00e1s all\u00e1 del consultorio del m\u00e9dico. Por eso realizamos un acercamiento hol\u00edstico a la","breadcrumb":{"@id":"https:\/\/meadows-chiro.com\/es\/quienes-somos\/#breadcrumb"},"inLanguage":"es-ES","potentialAction":[{"@type":"ReadAction","target":["https:\/\/meadows-chiro.com\/es\/quienes-somos\/"]}]},{"@type":"ImageObject","inLanguage":"es-ES","@id":"https:\/\/meadows-chiro.com\/es\/quienes-somos\/#primaryimage","url":"https:\/\/meadows-chiro.com\/wp-content\/uploads\/2012\/09\/happy-people.jpg","contentUrl":"https:\/\/meadows-chiro.com\/wp-content\/uploads\/2012\/09\/happy-people.jpg","width":"2410","height":"1740","caption":"Happy People"},{"@type":"BreadcrumbList","@id":"https:\/\/meadows-chiro.com\/es\/quienes-somos\/#breadcrumb","itemListElement":[{"@type":"ListItem","position":1,"name":"Home","item":"https:\/\/meadows-chiro.com\/"},{"@type":"ListItem","position":2,"name":"Qui\u00e9nes somos"}]},{"@type":"WebSite","@id":"https:\/\/meadows-chiro.com\/#website","url":"https:\/\/meadows-chiro.com\/","name":"Meadows Chiropractic","description":"","potentialAction":[{"@type":"SearchAction","target":{"@type":"EntryPoint","urlTemplate":"https:\/\/meadows-chiro.com\/?s={search_term_string}"},"query-input":{"@type":"PropertyValueSpecification","valueRequired":true,"valueName":"search_term_string"}}],"inLanguage":"es-ES"}]}},"_links":{"self":[{"href":"https:\/\/meadows-chiro.com\/es\/wp-json\/wp\/v2\/pages\/34","targetHints":{"allow":["GET"]}}],"collection":[{"href":"https:\/\/meadows-chiro.com\/es\/wp-json\/wp\/v2\/pages"}],"about":[{"href":"https:\/\/meadows-chiro.com\/es\/wp-json\/wp\/v2\/types\/page"}],"author":[{"embeddable":true,"href":"https:\/\/meadows-chiro.com\/es\/wp-json\/wp\/v2\/users\/2"}],"replies":[{"embeddable":true,"href":"https:\/\/meadows-chiro.com\/es\/wp-json\/wp\/v2\/comments?post=34"}],"version-history":[{"count":3,"href":"https:\/\/meadows-chiro.com\/es\/wp-json\/wp\/v2\/pages\/34\/revisions"}],"predecessor-version":[{"id":416,"href":"https:\/\/meadows-chiro.com\/es\/wp-json\/wp\/v2\/pages\/34\/revisions\/416"}],"wp:featuredmedia":[{"embeddable":true,"href":"https:\/\/meadows-chiro.com\/es\/wp-json\/wp\/v2\/media\/73"}],"wp:attachment":[{"href":"https:\/\/meadows-chiro.com\/es\/wp-json\/wp\/v2\/media?parent=34"}],"curies":[{"name":"wp","href":"https:\/\/api.w.org\/{rel}","templated":true}]}}