{"id":261,"date":"2014-04-15T22:21:07","date_gmt":"2014-04-16T05:21:07","guid":{"rendered":"http:\/\/meadows-chiro.com\/servicios\/lumbago\/"},"modified":"2014-05-28T16:28:10","modified_gmt":"2014-05-28T16:28:10","slug":"dolor-en-la-cintura","status":"publish","type":"page","link":"https:\/\/meadows-chiro.com\/es\/servicios\/dolor-en-la-cintura\/","title":{"rendered":"Dolor en la Cintura"},"content":{"rendered":"<p><img loading=\"lazy\" decoding=\"async\" class=\"alignright wp-image-85 size-medium\" src=\"https:\/\/meadows-chiro.com\/wp-content\/uploads\/2012\/09\/back-pain1-300x199.jpg\" alt=\"Dolor de Espalda\" width=\"300\" height=\"199\" srcset=\"https:\/\/meadows-chiro.com\/wp-content\/uploads\/2012\/09\/back-pain1-300x199.jpg 300w, https:\/\/meadows-chiro.com\/wp-content\/uploads\/2012\/09\/back-pain1.jpg 500w\" sizes=\"auto, (max-width: 300px) 100vw, 300px\" \/>El dolor en la cintura es una dolencia com\u00fan de muchos estadounidenses, pero este malestar puede verse exacerbado, o a\u00fan ser causado completamente, por un accidente automovil\u00edstico. Y ese dolor puede quedarse mucho despu\u00e9s de que el veh\u00edculo haya sido reparado y que la empresa de seguros haya liquidado el tema. El dolor de espalda continuo causado por un accidente de auto no es s\u00f3lo un recordatorio constante del trauma que atraves\u00f3, sino que puede ser una condici\u00f3n dolorosa y hasta debilitante que evita que trabaje, juegue y disfrute en general de la vida. En Meadow Chiropractic, nos especializamos en asistir a v\u00edctimas de accidentes automovil\u00edsticos con el alivio que necesitan para el dolor en la cintura.<\/p>\n<p>Como probablemente ya haya notado, cuando se sienta en una silla, practica yoga o hasta se queda parado por largos per\u00edodos de tiempo, la parte inferior de la espalda es principalmente responsable de estabilizar la columna vertebral y, a su vez, el cuerpo entero. Si bien generalmente se asocia el latigazo con la cabeza y el cuello, el movimiento s\u00fabito y brusco del latigazo tambi\u00e9n puede causar dolor severo en la parte baja de la espalda debido a la tensi\u00f3n en los m\u00fasculos de la parte superior de la espalda y que bajan por la columna. Adem\u00e1s, los accidentes automovil\u00edsticos pueden provocar dolor de espalda agudo debido al trauma directo al sistema musculoesquel\u00e9tico. Si bien es probable que el dolor de espalda agudo mejore con el tiempo con el descanso adecuado, los accidentes automovil\u00edsticos tambi\u00e9n pueden provocar o exacerbar el <em>lumbago<\/em> cr\u00f3nico, una condici\u00f3n que no mejorar\u00e1 sin el tratamiento adecuado.<\/p>\n<h2>Tratamiento del dolor en la cintura luego de un accidente<\/h2>\n<p>Si estuvo en un accidente automovil\u00edstico, es importante que llame a Meadow Chiropractic inmediatamente. El dolor en la cintura puede ser un indicador de lesi\u00f3n de la columna, incluyendo discos herniados o protuberantes, ligamentos estirados o desgarrados o una multitud de otros problemas. Los tratamientos quiropr\u00e1cticos, incluyendo los ajustes de columna, pueden ayudar a restablecer la alineaci\u00f3n natural de la columna en su cuerpo, lo que aliviar\u00e1 el dolor y lo ayudar\u00e1 a regresar a su vida normal. Si bien otros profesionales m\u00e9dicos pueden buscar tratar el dolor con medicamentos, en Meadow Chiropractic creemos en el tratamiento que alivia el dolor de manera natural, m\u00e1s que en \u201cenmascarar\u201d los s\u00edntomas con analg\u00e9sicos.<\/p>\n<p>El accidente de auto puede haber quedado en el pasado, pero el <strong>dolor en la parte baja de la espalda<\/strong> puede hacer que sea dif\u00edcil olvidarlo. Meadow Chiropractic puede ayudarlo a seguir adelante, y a prosperar, empezando hoy.<\/p>\n","protected":false},"excerpt":{"rendered":"<p>El dolor en la cintura es una dolencia com\u00fan de muchos estadounidenses, pero este malestar puede verse exacerbado, o a\u00fan ser causado completamente, por un accidente automovil\u00edstico. Y ese dolor puede quedarse mucho despu\u00e9s de que el veh\u00edculo haya sido reparado y que la empresa de seguros haya liquidado el tema. El dolor de espalda [&hellip;]<\/p>\n","protected":false},"author":2,"featured_media":68,"parent":36,"menu_order":0,"comment_status":"open","ping_status":"open","template":"","meta":{"_monsterinsights_skip_tracking":false,"_monsterinsights_sitenote_active":false,"_monsterinsights_sitenote_note":"","_monsterinsights_sitenote_category":0,"footnotes":""},"class_list":["post-261","page","type-page","status-publish","has-post-thumbnail","hentry","entry"],"yoast_head":"<!-- This site is optimized with the Yoast SEO plugin v27.4 - https:\/\/yoast.com\/product\/yoast-seo-wordpress\/ -->\n<title>Dolor en la Cintura - Meadows Chiropractic<\/title>\n<meta name=\"description\" content=\"El dolor en la cintura es una dolencia com\u00fan de muchos estadounidenses, pero este malestar puede verse exacerbado, o a\u00fan ser causado completamente, por un\" \/>\n<meta name=\"robots\" content=\"index, follow, max-snippet:-1, max-image-preview:large, max-video-preview:-1\" \/>\n<link rel=\"canonical\" href=\"https:\/\/meadows-chiro.com\/es\/servicios\/dolor-en-la-cintura\/\" \/>\n<meta property=\"og:locale\" content=\"es_ES\" \/>\n<meta property=\"og:type\" content=\"article\" \/>\n<meta property=\"og:title\" content=\"Dolor en la Cintura - Meadows Chiropractic\" \/>\n<meta property=\"og:description\" content=\"El dolor en la cintura es una dolencia com\u00fan de muchos estadounidenses, pero este malestar puede verse exacerbado, o a\u00fan ser causado completamente, por un\" \/>\n<meta property=\"og:url\" content=\"https:\/\/meadows-chiro.com\/es\/servicios\/dolor-en-la-cintura\/\" \/>\n<meta property=\"og:site_name\" content=\"Meadows Chiropractic\" \/>\n<meta property=\"article:modified_time\" content=\"2014-05-28T16:28:10+00:00\" \/>\n<meta property=\"og:image\" content=\"https:\/\/meadows-chiro.com\/app\/uploads\/2012\/09\/back-pain.jpg\" \/>\n\t<meta property=\"og:image:width\" content=\"2560\" \/>\n\t<meta property=\"og:image:height\" content=\"1707\" \/>\n\t<meta property=\"og:image:type\" content=\"image\/jpeg\" \/>\n<meta name=\"twitter:label1\" content=\"Est. reading time\" \/>\n\t<meta name=\"twitter:data1\" content=\"2 minutes\" \/>\n<script type=\"application\/ld+json\" class=\"yoast-schema-graph\">{\"@context\":\"https:\\\/\\\/schema.org\",\"@graph\":[{\"@type\":\"WebPage\",\"@id\":\"https:\\\/\\\/meadows-chiro.com\\\/es\\\/servicios\\\/dolor-en-la-cintura\\\/\",\"url\":\"https:\\\/\\\/meadows-chiro.com\\\/es\\\/servicios\\\/dolor-en-la-cintura\\\/\",\"name\":\"Dolor en la Cintura - Meadows Chiropractic\",\"isPartOf\":{\"@id\":\"https:\\\/\\\/meadows-chiro.com\\\/#website\"},\"primaryImageOfPage\":{\"@id\":\"https:\\\/\\\/meadows-chiro.com\\\/es\\\/servicios\\\/dolor-en-la-cintura\\\/#primaryimage\"},\"image\":{\"@id\":\"https:\\\/\\\/meadows-chiro.com\\\/es\\\/servicios\\\/dolor-en-la-cintura\\\/#primaryimage\"},\"thumbnailUrl\":\"https:\\\/\\\/meadows-chiro.com\\\/wp-content\\\/uploads\\\/2012\\\/09\\\/back-pain.jpg\",\"datePublished\":\"2014-04-16T05:21:07+00:00\",\"dateModified\":\"2014-05-28T16:28:10+00:00\",\"description\":\"El dolor en la cintura es una dolencia com\u00fan de muchos estadounidenses, pero este malestar puede verse exacerbado, o a\u00fan ser causado completamente, por un\",\"breadcrumb\":{\"@id\":\"https:\\\/\\\/meadows-chiro.com\\\/es\\\/servicios\\\/dolor-en-la-cintura\\\/#breadcrumb\"},\"inLanguage\":\"es-ES\",\"potentialAction\":[{\"@type\":\"ReadAction\",\"target\":[\"https:\\\/\\\/meadows-chiro.com\\\/es\\\/servicios\\\/dolor-en-la-cintura\\\/\"]}]},{\"@type\":\"ImageObject\",\"inLanguage\":\"es-ES\",\"@id\":\"https:\\\/\\\/meadows-chiro.com\\\/es\\\/servicios\\\/dolor-en-la-cintura\\\/#primaryimage\",\"url\":\"https:\\\/\\\/meadows-chiro.com\\\/wp-content\\\/uploads\\\/2012\\\/09\\\/back-pain.jpg\",\"contentUrl\":\"https:\\\/\\\/meadows-chiro.com\\\/wp-content\\\/uploads\\\/2012\\\/09\\\/back-pain.jpg\",\"width\":2560,\"height\":1707},{\"@type\":\"BreadcrumbList\",\"@id\":\"https:\\\/\\\/meadows-chiro.com\\\/es\\\/servicios\\\/dolor-en-la-cintura\\\/#breadcrumb\",\"itemListElement\":[{\"@type\":\"ListItem\",\"position\":1,\"name\":\"Home\",\"item\":\"https:\\\/\\\/meadows-chiro.com\\\/\"},{\"@type\":\"ListItem\",\"position\":2,\"name\":\"Servicios\",\"item\":\"https:\\\/\\\/meadows-chiro.com\\\/es\\\/servicios\\\/\"},{\"@type\":\"ListItem\",\"position\":3,\"name\":\"Dolor en la Cintura\"}]},{\"@type\":\"WebSite\",\"@id\":\"https:\\\/\\\/meadows-chiro.com\\\/#website\",\"url\":\"https:\\\/\\\/meadows-chiro.com\\\/\",\"name\":\"Meadows Chiropractic\",\"description\":\"\",\"potentialAction\":[{\"@type\":\"SearchAction\",\"target\":{\"@type\":\"EntryPoint\",\"urlTemplate\":\"https:\\\/\\\/meadows-chiro.com\\\/?s={search_term_string}\"},\"query-input\":{\"@type\":\"PropertyValueSpecification\",\"valueRequired\":true,\"valueName\":\"search_term_string\"}}],\"inLanguage\":\"es-ES\"}]}<\/script>\n<!-- \/ Yoast SEO plugin. -->","yoast_head_json":{"title":"Dolor en la Cintura - Meadows Chiropractic","description":"El dolor en la cintura es una dolencia com\u00fan de muchos estadounidenses, pero este malestar puede verse exacerbado, o a\u00fan ser causado completamente, por un","robots":{"index":"index","follow":"follow","max-snippet":"max-snippet:-1","max-image-preview":"max-image-preview:large","max-video-preview":"max-video-preview:-1"},"canonical":"https:\/\/meadows-chiro.com\/es\/servicios\/dolor-en-la-cintura\/","og_locale":"es_ES","og_type":"article","og_title":"Dolor en la Cintura - Meadows Chiropractic","og_description":"El dolor en la cintura es una dolencia com\u00fan de muchos estadounidenses, pero este malestar puede verse exacerbado, o a\u00fan ser causado completamente, por un","og_url":"https:\/\/meadows-chiro.com\/es\/servicios\/dolor-en-la-cintura\/","og_site_name":"Meadows Chiropractic","article_modified_time":"2014-05-28T16:28:10+00:00","og_image":[{"width":2560,"height":1707,"url":"https:\/\/meadows-chiro.com\/app\/uploads\/2012\/09\/back-pain.jpg","type":"image\/jpeg"}],"twitter_misc":{"Est. reading time":"2 minutes"},"schema":{"@context":"https:\/\/schema.org","@graph":[{"@type":"WebPage","@id":"https:\/\/meadows-chiro.com\/es\/servicios\/dolor-en-la-cintura\/","url":"https:\/\/meadows-chiro.com\/es\/servicios\/dolor-en-la-cintura\/","name":"Dolor en la Cintura - Meadows Chiropractic","isPartOf":{"@id":"https:\/\/meadows-chiro.com\/#website"},"primaryImageOfPage":{"@id":"https:\/\/meadows-chiro.com\/es\/servicios\/dolor-en-la-cintura\/#primaryimage"},"image":{"@id":"https:\/\/meadows-chiro.com\/es\/servicios\/dolor-en-la-cintura\/#primaryimage"},"thumbnailUrl":"https:\/\/meadows-chiro.com\/wp-content\/uploads\/2012\/09\/back-pain.jpg","datePublished":"2014-04-16T05:21:07+00:00","dateModified":"2014-05-28T16:28:10+00:00","description":"El dolor en la cintura es una dolencia com\u00fan de muchos estadounidenses, pero este malestar puede verse exacerbado, o a\u00fan ser causado completamente, por un","breadcrumb":{"@id":"https:\/\/meadows-chiro.com\/es\/servicios\/dolor-en-la-cintura\/#breadcrumb"},"inLanguage":"es-ES","potentialAction":[{"@type":"ReadAction","target":["https:\/\/meadows-chiro.com\/es\/servicios\/dolor-en-la-cintura\/"]}]},{"@type":"ImageObject","inLanguage":"es-ES","@id":"https:\/\/meadows-chiro.com\/es\/servicios\/dolor-en-la-cintura\/#primaryimage","url":"https:\/\/meadows-chiro.com\/wp-content\/uploads\/2012\/09\/back-pain.jpg","contentUrl":"https:\/\/meadows-chiro.com\/wp-content\/uploads\/2012\/09\/back-pain.jpg","width":2560,"height":1707},{"@type":"BreadcrumbList","@id":"https:\/\/meadows-chiro.com\/es\/servicios\/dolor-en-la-cintura\/#breadcrumb","itemListElement":[{"@type":"ListItem","position":1,"name":"Home","item":"https:\/\/meadows-chiro.com\/"},{"@type":"ListItem","position":2,"name":"Servicios","item":"https:\/\/meadows-chiro.com\/es\/servicios\/"},{"@type":"ListItem","position":3,"name":"Dolor en la Cintura"}]},{"@type":"WebSite","@id":"https:\/\/meadows-chiro.com\/#website","url":"https:\/\/meadows-chiro.com\/","name":"Meadows Chiropractic","description":"","potentialAction":[{"@type":"SearchAction","target":{"@type":"EntryPoint","urlTemplate":"https:\/\/meadows-chiro.com\/?s={search_term_string}"},"query-input":{"@type":"PropertyValueSpecification","valueRequired":true,"valueName":"search_term_string"}}],"inLanguage":"es-ES"}]}},"_links":{"self":[{"href":"https:\/\/meadows-chiro.com\/es\/wp-json\/wp\/v2\/pages\/261","targetHints":{"allow":["GET"]}}],"collection":[{"href":"https:\/\/meadows-chiro.com\/es\/wp-json\/wp\/v2\/pages"}],"about":[{"href":"https:\/\/meadows-chiro.com\/es\/wp-json\/wp\/v2\/types\/page"}],"author":[{"embeddable":true,"href":"https:\/\/meadows-chiro.com\/es\/wp-json\/wp\/v2\/users\/2"}],"replies":[{"embeddable":true,"href":"https:\/\/meadows-chiro.com\/es\/wp-json\/wp\/v2\/comments?post=261"}],"version-history":[{"count":0,"href":"https:\/\/meadows-chiro.com\/es\/wp-json\/wp\/v2\/pages\/261\/revisions"}],"up":[{"embeddable":true,"href":"https:\/\/meadows-chiro.com\/es\/wp-json\/wp\/v2\/pages\/36"}],"wp:featuredmedia":[{"embeddable":true,"href":"https:\/\/meadows-chiro.com\/es\/wp-json\/wp\/v2\/media\/68"}],"wp:attachment":[{"href":"https:\/\/meadows-chiro.com\/es\/wp-json\/wp\/v2\/media?parent=261"}],"curies":[{"name":"wp","href":"https:\/\/api.w.org\/{rel}","templated":true}]}}