{"id":260,"date":"2014-04-15T22:27:23","date_gmt":"2014-04-16T05:27:23","guid":{"rendered":"http:\/\/meadows-chiro.com\/informacion\/dr-andrew-mitchell\/"},"modified":"2014-05-14T19:42:47","modified_gmt":"2014-05-14T19:42:47","slug":"dr-andrew-mitchell","status":"publish","type":"page","link":"https:\/\/meadows-chiro.com\/es\/quienes-somos\/dr-andrew-mitchell\/","title":{"rendered":"Dr. Andrew Mitchell"},"content":{"rendered":"<p><a href=\"https:\/\/meadows-chiro.com\/wp-content\/uploads\/2014\/04\/dr-mitchell.jpg\"><img loading=\"lazy\" decoding=\"async\" class=\"alignright  wp-image-262\" src=\"https:\/\/meadows-chiro.com\/wp-content\/uploads\/2014\/04\/dr-mitchell-768x1024.jpg\" alt=\"C\u00c1MARA DIGITAL OLYMPUS\" width=\"371\" height=\"495\" srcset=\"https:\/\/meadows-chiro.com\/wp-content\/uploads\/2014\/04\/dr-mitchell-768x1024.jpg 768w, https:\/\/meadows-chiro.com\/wp-content\/uploads\/2014\/04\/dr-mitchell-225x300.jpg 225w, https:\/\/meadows-chiro.com\/wp-content\/uploads\/2014\/04\/dr-mitchell.jpg 1920w\" sizes=\"auto, (max-width: 371px) 100vw, 371px\" \/><\/a><\/p>\n<p>El Dr. Mitchell ejerce en Las Vegas desde 1997. Concurri\u00f3 al Life Chiropractic College West, donde se gradu\u00f3 con honores. El Dr. Mitchell creci\u00f3 en Lake Tahoe, y realiz\u00f3 sus estudios de grado en la Universidad de Nevada, en Reno. En el a\u00f1o 2000, abri\u00f3 Meadows Chiropractic, y en 2001, el Dr. Chong se uni\u00f3 al consultorio.<\/p>\n<p>El Dr. Mitchell ha estudiado muchas t\u00e9cnicas quiropr\u00e1cticas, lo que hace que est\u00e9 bien adaptado para tratar pr\u00e1cticamente a cualquier tipo de paciente. \u00a0Tiene licencia para ejercer en los estados de Nevada y California.<\/p>\n<p>Tambi\u00e9n est\u00e1 certificado por el Consejo Estadounidense de Examinadores M\u00e9dicos Independientes (American Board of Independent Medical Examiners) y el Instituto de Investigaci\u00f3n sobre Columna de San Diego (Spine Research Institute of San Diego), en Biomec\u00e1nica de Lesiones por Latigazo Cervical y Traumatolog\u00eda.<\/p>\n<p>\u00a0<\/p>\n","protected":false},"excerpt":{"rendered":"<p>El Dr. Mitchell ejerce en Las Vegas desde 1997. Concurri\u00f3 al Life Chiropractic College West, donde se gradu\u00f3 con honores. El Dr. Mitchell creci\u00f3 en Lake Tahoe, y realiz\u00f3 sus estudios de grado en la Universidad de Nevada, en Reno. En el a\u00f1o 2000, abri\u00f3 Meadows Chiropractic, y en 2001, el Dr. Chong se uni\u00f3 [&hellip;]<\/p>\n","protected":false},"author":2,"featured_media":0,"parent":34,"menu_order":0,"comment_status":"open","ping_status":"closed","template":"","meta":{"_monsterinsights_skip_tracking":false,"_monsterinsights_sitenote_active":false,"_monsterinsights_sitenote_note":"","_monsterinsights_sitenote_category":0,"footnotes":""},"class_list":["post-260","page","type-page","status-publish","hentry","entry"],"yoast_head":"<!-- This site is optimized with the Yoast SEO plugin v27.3 - https:\/\/yoast.com\/product\/yoast-seo-wordpress\/ -->\n<title>Dr. Andrew Mitchell - Meadows Chiropractic<\/title>\n<meta name=\"description\" content=\"El Dr. Mitchell ejerce en Las Vegas desde 1997. Concurri\u00f3 al Life Chiropractic College West, donde se gradu\u00f3 con honores. El Dr. Mitchell creci\u00f3 en Lake\" \/>\n<meta name=\"robots\" content=\"index, follow, max-snippet:-1, max-image-preview:large, max-video-preview:-1\" \/>\n<link rel=\"canonical\" href=\"https:\/\/meadows-chiro.com\/es\/quienes-somos\/dr-andrew-mitchell\/\" \/>\n<meta property=\"og:locale\" content=\"es_ES\" \/>\n<meta property=\"og:type\" content=\"article\" \/>\n<meta property=\"og:title\" content=\"Dr. Andrew Mitchell - Meadows Chiropractic\" \/>\n<meta property=\"og:description\" content=\"El Dr. Mitchell ejerce en Las Vegas desde 1997. Concurri\u00f3 al Life Chiropractic College West, donde se gradu\u00f3 con honores. El Dr. Mitchell creci\u00f3 en Lake\" \/>\n<meta property=\"og:url\" content=\"https:\/\/meadows-chiro.com\/es\/quienes-somos\/dr-andrew-mitchell\/\" \/>\n<meta property=\"og:site_name\" content=\"Meadows Chiropractic\" \/>\n<meta property=\"article:modified_time\" content=\"2014-05-14T19:42:47+00:00\" \/>\n<meta property=\"og:image\" content=\"https:\/\/meadows-chiro.com\/app\/uploads\/2014\/04\/dr-mitchell-768x1024.jpg\" \/>\n<meta name=\"twitter:label1\" content=\"Est. reading time\" \/>\n\t<meta name=\"twitter:data1\" content=\"1 minute\" \/>\n<script type=\"application\/ld+json\" class=\"yoast-schema-graph\">{\"@context\":\"https:\\\/\\\/schema.org\",\"@graph\":[{\"@type\":\"WebPage\",\"@id\":\"https:\\\/\\\/meadows-chiro.com\\\/es\\\/quienes-somos\\\/dr-andrew-mitchell\\\/\",\"url\":\"https:\\\/\\\/meadows-chiro.com\\\/es\\\/quienes-somos\\\/dr-andrew-mitchell\\\/\",\"name\":\"Dr. Andrew Mitchell - Meadows Chiropractic\",\"isPartOf\":{\"@id\":\"https:\\\/\\\/meadows-chiro.com\\\/#website\"},\"primaryImageOfPage\":{\"@id\":\"https:\\\/\\\/meadows-chiro.com\\\/es\\\/quienes-somos\\\/dr-andrew-mitchell\\\/#primaryimage\"},\"image\":{\"@id\":\"https:\\\/\\\/meadows-chiro.com\\\/es\\\/quienes-somos\\\/dr-andrew-mitchell\\\/#primaryimage\"},\"thumbnailUrl\":\"https:\\\/\\\/meadows-chiro.com\\\/wp-content\\\/uploads\\\/2014\\\/04\\\/dr-mitchell-768x1024.jpg\",\"datePublished\":\"2014-04-16T05:27:23+00:00\",\"dateModified\":\"2014-05-14T19:42:47+00:00\",\"description\":\"El Dr. Mitchell ejerce en Las Vegas desde 1997. Concurri\u00f3 al Life Chiropractic College West, donde se gradu\u00f3 con honores. El Dr. Mitchell creci\u00f3 en Lake\",\"breadcrumb\":{\"@id\":\"https:\\\/\\\/meadows-chiro.com\\\/es\\\/quienes-somos\\\/dr-andrew-mitchell\\\/#breadcrumb\"},\"inLanguage\":\"es-ES\",\"potentialAction\":[{\"@type\":\"ReadAction\",\"target\":[\"https:\\\/\\\/meadows-chiro.com\\\/es\\\/quienes-somos\\\/dr-andrew-mitchell\\\/\"]}]},{\"@type\":\"ImageObject\",\"inLanguage\":\"es-ES\",\"@id\":\"https:\\\/\\\/meadows-chiro.com\\\/es\\\/quienes-somos\\\/dr-andrew-mitchell\\\/#primaryimage\",\"url\":\"https:\\\/\\\/meadows-chiro.com\\\/wp-content\\\/uploads\\\/2014\\\/04\\\/dr-mitchell-768x1024.jpg\",\"contentUrl\":\"https:\\\/\\\/meadows-chiro.com\\\/wp-content\\\/uploads\\\/2014\\\/04\\\/dr-mitchell-768x1024.jpg\"},{\"@type\":\"BreadcrumbList\",\"@id\":\"https:\\\/\\\/meadows-chiro.com\\\/es\\\/quienes-somos\\\/dr-andrew-mitchell\\\/#breadcrumb\",\"itemListElement\":[{\"@type\":\"ListItem\",\"position\":1,\"name\":\"Home\",\"item\":\"https:\\\/\\\/meadows-chiro.com\\\/\"},{\"@type\":\"ListItem\",\"position\":2,\"name\":\"Qui\u00e9nes somos\",\"item\":\"https:\\\/\\\/meadows-chiro.com\\\/es\\\/quienes-somos\\\/\"},{\"@type\":\"ListItem\",\"position\":3,\"name\":\"Dr. Andrew Mitchell\"}]},{\"@type\":\"WebSite\",\"@id\":\"https:\\\/\\\/meadows-chiro.com\\\/#website\",\"url\":\"https:\\\/\\\/meadows-chiro.com\\\/\",\"name\":\"Meadows Chiropractic\",\"description\":\"\",\"potentialAction\":[{\"@type\":\"SearchAction\",\"target\":{\"@type\":\"EntryPoint\",\"urlTemplate\":\"https:\\\/\\\/meadows-chiro.com\\\/?s={search_term_string}\"},\"query-input\":{\"@type\":\"PropertyValueSpecification\",\"valueRequired\":true,\"valueName\":\"search_term_string\"}}],\"inLanguage\":\"es-ES\"}]}<\/script>\n<!-- \/ Yoast SEO plugin. -->","yoast_head_json":{"title":"Dr. Andrew Mitchell - Meadows Chiropractic","description":"El Dr. Mitchell ejerce en Las Vegas desde 1997. Concurri\u00f3 al Life Chiropractic College West, donde se gradu\u00f3 con honores. El Dr. Mitchell creci\u00f3 en Lake","robots":{"index":"index","follow":"follow","max-snippet":"max-snippet:-1","max-image-preview":"max-image-preview:large","max-video-preview":"max-video-preview:-1"},"canonical":"https:\/\/meadows-chiro.com\/es\/quienes-somos\/dr-andrew-mitchell\/","og_locale":"es_ES","og_type":"article","og_title":"Dr. Andrew Mitchell - Meadows Chiropractic","og_description":"El Dr. Mitchell ejerce en Las Vegas desde 1997. Concurri\u00f3 al Life Chiropractic College West, donde se gradu\u00f3 con honores. El Dr. Mitchell creci\u00f3 en Lake","og_url":"https:\/\/meadows-chiro.com\/es\/quienes-somos\/dr-andrew-mitchell\/","og_site_name":"Meadows Chiropractic","article_modified_time":"2014-05-14T19:42:47+00:00","og_image":[{"url":"https:\/\/meadows-chiro.com\/app\/uploads\/2014\/04\/dr-mitchell-768x1024.jpg","type":"","width":"","height":""}],"twitter_misc":{"Est. reading time":"1 minute"},"schema":{"@context":"https:\/\/schema.org","@graph":[{"@type":"WebPage","@id":"https:\/\/meadows-chiro.com\/es\/quienes-somos\/dr-andrew-mitchell\/","url":"https:\/\/meadows-chiro.com\/es\/quienes-somos\/dr-andrew-mitchell\/","name":"Dr. Andrew Mitchell - Meadows Chiropractic","isPartOf":{"@id":"https:\/\/meadows-chiro.com\/#website"},"primaryImageOfPage":{"@id":"https:\/\/meadows-chiro.com\/es\/quienes-somos\/dr-andrew-mitchell\/#primaryimage"},"image":{"@id":"https:\/\/meadows-chiro.com\/es\/quienes-somos\/dr-andrew-mitchell\/#primaryimage"},"thumbnailUrl":"https:\/\/meadows-chiro.com\/wp-content\/uploads\/2014\/04\/dr-mitchell-768x1024.jpg","datePublished":"2014-04-16T05:27:23+00:00","dateModified":"2014-05-14T19:42:47+00:00","description":"El Dr. Mitchell ejerce en Las Vegas desde 1997. Concurri\u00f3 al Life Chiropractic College West, donde se gradu\u00f3 con honores. El Dr. Mitchell creci\u00f3 en Lake","breadcrumb":{"@id":"https:\/\/meadows-chiro.com\/es\/quienes-somos\/dr-andrew-mitchell\/#breadcrumb"},"inLanguage":"es-ES","potentialAction":[{"@type":"ReadAction","target":["https:\/\/meadows-chiro.com\/es\/quienes-somos\/dr-andrew-mitchell\/"]}]},{"@type":"ImageObject","inLanguage":"es-ES","@id":"https:\/\/meadows-chiro.com\/es\/quienes-somos\/dr-andrew-mitchell\/#primaryimage","url":"https:\/\/meadows-chiro.com\/wp-content\/uploads\/2014\/04\/dr-mitchell-768x1024.jpg","contentUrl":"https:\/\/meadows-chiro.com\/wp-content\/uploads\/2014\/04\/dr-mitchell-768x1024.jpg"},{"@type":"BreadcrumbList","@id":"https:\/\/meadows-chiro.com\/es\/quienes-somos\/dr-andrew-mitchell\/#breadcrumb","itemListElement":[{"@type":"ListItem","position":1,"name":"Home","item":"https:\/\/meadows-chiro.com\/"},{"@type":"ListItem","position":2,"name":"Qui\u00e9nes somos","item":"https:\/\/meadows-chiro.com\/es\/quienes-somos\/"},{"@type":"ListItem","position":3,"name":"Dr. Andrew Mitchell"}]},{"@type":"WebSite","@id":"https:\/\/meadows-chiro.com\/#website","url":"https:\/\/meadows-chiro.com\/","name":"Meadows Chiropractic","description":"","potentialAction":[{"@type":"SearchAction","target":{"@type":"EntryPoint","urlTemplate":"https:\/\/meadows-chiro.com\/?s={search_term_string}"},"query-input":{"@type":"PropertyValueSpecification","valueRequired":true,"valueName":"search_term_string"}}],"inLanguage":"es-ES"}]}},"_links":{"self":[{"href":"https:\/\/meadows-chiro.com\/es\/wp-json\/wp\/v2\/pages\/260","targetHints":{"allow":["GET"]}}],"collection":[{"href":"https:\/\/meadows-chiro.com\/es\/wp-json\/wp\/v2\/pages"}],"about":[{"href":"https:\/\/meadows-chiro.com\/es\/wp-json\/wp\/v2\/types\/page"}],"author":[{"embeddable":true,"href":"https:\/\/meadows-chiro.com\/es\/wp-json\/wp\/v2\/users\/2"}],"replies":[{"embeddable":true,"href":"https:\/\/meadows-chiro.com\/es\/wp-json\/wp\/v2\/comments?post=260"}],"version-history":[{"count":0,"href":"https:\/\/meadows-chiro.com\/es\/wp-json\/wp\/v2\/pages\/260\/revisions"}],"up":[{"embeddable":true,"href":"https:\/\/meadows-chiro.com\/es\/wp-json\/wp\/v2\/pages\/34"}],"wp:attachment":[{"href":"https:\/\/meadows-chiro.com\/es\/wp-json\/wp\/v2\/media?parent=260"}],"curies":[{"name":"wp","href":"https:\/\/api.w.org\/{rel}","templated":true}]}}