{"id":259,"date":"2014-04-15T22:21:22","date_gmt":"2014-04-16T05:21:22","guid":{"rendered":"http:\/\/meadows-chiro.com\/servicios\/jaquecas\/"},"modified":"2014-05-28T23:58:33","modified_gmt":"2014-05-29T06:58:33","slug":"dolor-de-cabeza","status":"publish","type":"page","link":"https:\/\/meadows-chiro.com\/es\/servicios\/dolor-de-cabeza\/","title":{"rendered":"Dolor de Cabeza"},"content":{"rendered":"<p><img loading=\"lazy\" decoding=\"async\" class=\"alignright wp-image-180 size-medium\" src=\"http:\/\/meadows.wpengine.com\/wp-content\/uploads\/2014\/04\/iStock_000017314175Medium-headache-300x199.jpg\" alt=\"Hombre con jaqueca en casa\" width=\"300\" height=\"199\" srcset=\"https:\/\/meadows-chiro.com\/wp-content\/uploads\/2014\/04\/iStock_000017314175Medium-headache-300x199.jpg 300w, https:\/\/meadows-chiro.com\/wp-content\/uploads\/2014\/04\/iStock_000017314175Medium-headache-1024x682.jpg 1024w, https:\/\/meadows-chiro.com\/wp-content\/uploads\/2014\/04\/iStock_000017314175Medium-headache.jpg 1698w\" sizes=\"auto, (max-width: 300px) 100vw, 300px\" \/>La recuperaci\u00f3n de un accidente automovil\u00edstico puede ser un dolor de cabeza, metaf\u00f3rica y literalmente. Los dolores de cabeza y migra\u00f1as son s\u00edntomas muy comunes del &#8220;latigazo&#8221;, o el movimiento de ida y vuelta de la cabeza y cuello que ocurre debido a un choque y sacudida bruscos. El latigazo fuerza a la cabeza fuera de su rango de movimiento normal y por lo tanto puede afectar los m\u00fasculos, tejidos y articulaciones en el cuello y la espalda. Si bien el latigazo es una de las lesiones m\u00e1s comunes recibidas en los accidentes automovil\u00edsticos, muchos pacientes que sufrieron un latigazo no experimentan sus s\u00edntomas hasta bastante despu\u00e9s de que ocurri\u00f3 el incidente.<\/p>\n<p>Los dolores de cabeza o migra\u00f1as frecuentes despu\u00e9s de un accidente de auto pueden ser una buena indicaci\u00f3n de que sufri\u00f3 un latigazo. El latigazo provoca esfuerzo a los m\u00fasculos, tendones y nervios en el cuello, que pueden inflamarse e irritarse y en consecuencia causar <em>dolores de cabeza <\/em>severas y hasta migra\u00f1as. El dolor por latigazo generalmente se origina en el cuello y se irradia a trav\u00e9s de la cabeza. Otras causas de los dolores de cabeza y migra\u00f1as despu\u00e9s de un accidente automovil\u00edstico incluyen contusi\u00f3n, trauma en la cabeza u otra \u00e1rea del cuerpo y estr\u00e9s y fatiga.<\/p>\n<h2>Jaquecas despu\u00e9s de accidentes automovil\u00edsticos<\/h2>\n<p>Los accidentes de auto pueden provocar muchos tipos de <strong>dolores de cabeza<\/strong>, incluyendo:<\/p>\n<ul>\n<li><strong>Migra\u00f1as:<\/strong> las migra\u00f1as son un s\u00edntoma com\u00fan del latigazo, y pueden ocurrir horas o d\u00edas despu\u00e9s del accidente automovil\u00edstico.<\/li>\n<li><strong>Dolores de cabeza vasculares:<\/strong> este tipo de dolor es el resultado de mala circulaci\u00f3n cerebral, que es causada o exacerbada por el latigazo. Los dolores de cabeza vasculares pueden durar por meses luego de un accidente automovil\u00edstico.<\/li>\n<li><strong>Dolores de cabeza analg\u00e9sicas:<\/strong> muchas v\u00edctimas de accidentes de auto tratan su dolor sintom\u00e1tico con medicamentos que en realidad causan o exacerban los dolores de cabeza.<\/li>\n<li><strong>Disfunci\u00f3n del nervio simp\u00e1tico:<\/strong> este tipo de jaqueca se origina por trauma al tronco del nervio cervical.<\/li>\n<\/ul>\n<p>El tratamiento quiropr\u00e1ctico de los dolores de cabeza relacionadas con el accidente automovil\u00edstico puede ayudarlo a aliviar el dolor e incrementar la movilidad de manera segura y natural. En Meadow Chiropractic, nos especializamos en tratar a v\u00edctimas de accidentes de autos con el cuidado que necesitan para volver a las actividades cotidianas que disfrutan. Ya sea que sus dolores de cabeza sean provocadas por una lesi\u00f3n por latigazo, contusi\u00f3n u otro tipo de trauma, lo ayudaremos a recuperarse y sentirse mejor, inmediatamente.<\/p>\n","protected":false},"excerpt":{"rendered":"<p>La recuperaci\u00f3n de un accidente automovil\u00edstico puede ser un dolor de cabeza, metaf\u00f3rica y literalmente. Los dolores de cabeza y migra\u00f1as son s\u00edntomas muy comunes del &#8220;latigazo&#8221;, o el movimiento de ida y vuelta de la cabeza y cuello que ocurre debido a un choque y sacudida bruscos. El latigazo fuerza a la cabeza fuera [&hellip;]<\/p>\n","protected":false},"author":2,"featured_media":0,"parent":36,"menu_order":0,"comment_status":"open","ping_status":"open","template":"","meta":{"_monsterinsights_skip_tracking":false,"_monsterinsights_sitenote_active":false,"_monsterinsights_sitenote_note":"","_monsterinsights_sitenote_category":0,"footnotes":""},"class_list":["post-259","page","type-page","status-publish","hentry","entry"],"yoast_head":"<!-- This site is optimized with the Yoast SEO plugin v27.4 - https:\/\/yoast.com\/product\/yoast-seo-wordpress\/ -->\n<title>Dolor de Cabeza - Meadows Chiropractic<\/title>\n<meta name=\"description\" content=\"La recuperaci\u00f3n de un accidente automovil\u00edstico puede ser un dolor de cabeza, metaf\u00f3rica y literalmente. Los dolores de cabeza y migra\u00f1as son s\u00edntomas muy\" \/>\n<meta name=\"robots\" content=\"index, follow, max-snippet:-1, max-image-preview:large, max-video-preview:-1\" \/>\n<link rel=\"canonical\" href=\"https:\/\/meadows-chiro.com\/es\/servicios\/dolor-de-cabeza\/\" \/>\n<meta property=\"og:locale\" content=\"es_ES\" \/>\n<meta property=\"og:type\" content=\"article\" \/>\n<meta property=\"og:title\" content=\"Dolor de Cabeza - Meadows Chiropractic\" \/>\n<meta property=\"og:description\" content=\"La recuperaci\u00f3n de un accidente automovil\u00edstico puede ser un dolor de cabeza, metaf\u00f3rica y literalmente. Los dolores de cabeza y migra\u00f1as son s\u00edntomas muy\" \/>\n<meta property=\"og:url\" content=\"https:\/\/meadows-chiro.com\/es\/servicios\/dolor-de-cabeza\/\" \/>\n<meta property=\"og:site_name\" content=\"Meadows Chiropractic\" \/>\n<meta property=\"article:modified_time\" content=\"2014-05-29T06:58:33+00:00\" \/>\n<meta property=\"og:image\" content=\"http:\/\/meadows.wpengine.com\/app\/uploads\/2014\/04\/iStock_000017314175Medium-headache-300x199.jpg\" \/>\n<meta name=\"twitter:label1\" content=\"Est. reading time\" \/>\n\t<meta name=\"twitter:data1\" content=\"2 minutes\" \/>\n<script type=\"application\/ld+json\" class=\"yoast-schema-graph\">{\"@context\":\"https:\\\/\\\/schema.org\",\"@graph\":[{\"@type\":\"WebPage\",\"@id\":\"https:\\\/\\\/meadows-chiro.com\\\/es\\\/servicios\\\/dolor-de-cabeza\\\/\",\"url\":\"https:\\\/\\\/meadows-chiro.com\\\/es\\\/servicios\\\/dolor-de-cabeza\\\/\",\"name\":\"Dolor de Cabeza - Meadows Chiropractic\",\"isPartOf\":{\"@id\":\"https:\\\/\\\/meadows-chiro.com\\\/#website\"},\"primaryImageOfPage\":{\"@id\":\"https:\\\/\\\/meadows-chiro.com\\\/es\\\/servicios\\\/dolor-de-cabeza\\\/#primaryimage\"},\"image\":{\"@id\":\"https:\\\/\\\/meadows-chiro.com\\\/es\\\/servicios\\\/dolor-de-cabeza\\\/#primaryimage\"},\"thumbnailUrl\":\"http:\\\/\\\/meadows.wpengine.com\\\/wp-content\\\/uploads\\\/2014\\\/04\\\/iStock_000017314175Medium-headache-300x199.jpg\",\"datePublished\":\"2014-04-16T05:21:22+00:00\",\"dateModified\":\"2014-05-29T06:58:33+00:00\",\"description\":\"La recuperaci\u00f3n de un accidente automovil\u00edstico puede ser un dolor de cabeza, metaf\u00f3rica y literalmente. Los dolores de cabeza y migra\u00f1as son s\u00edntomas muy\",\"breadcrumb\":{\"@id\":\"https:\\\/\\\/meadows-chiro.com\\\/es\\\/servicios\\\/dolor-de-cabeza\\\/#breadcrumb\"},\"inLanguage\":\"es-ES\",\"potentialAction\":[{\"@type\":\"ReadAction\",\"target\":[\"https:\\\/\\\/meadows-chiro.com\\\/es\\\/servicios\\\/dolor-de-cabeza\\\/\"]}]},{\"@type\":\"ImageObject\",\"inLanguage\":\"es-ES\",\"@id\":\"https:\\\/\\\/meadows-chiro.com\\\/es\\\/servicios\\\/dolor-de-cabeza\\\/#primaryimage\",\"url\":\"http:\\\/\\\/meadows.wpengine.com\\\/wp-content\\\/uploads\\\/2014\\\/04\\\/iStock_000017314175Medium-headache-300x199.jpg\",\"contentUrl\":\"http:\\\/\\\/meadows.wpengine.com\\\/wp-content\\\/uploads\\\/2014\\\/04\\\/iStock_000017314175Medium-headache-300x199.jpg\"},{\"@type\":\"BreadcrumbList\",\"@id\":\"https:\\\/\\\/meadows-chiro.com\\\/es\\\/servicios\\\/dolor-de-cabeza\\\/#breadcrumb\",\"itemListElement\":[{\"@type\":\"ListItem\",\"position\":1,\"name\":\"Home\",\"item\":\"https:\\\/\\\/meadows-chiro.com\\\/\"},{\"@type\":\"ListItem\",\"position\":2,\"name\":\"Servicios\",\"item\":\"https:\\\/\\\/meadows-chiro.com\\\/es\\\/servicios\\\/\"},{\"@type\":\"ListItem\",\"position\":3,\"name\":\"Dolor de Cabeza\"}]},{\"@type\":\"WebSite\",\"@id\":\"https:\\\/\\\/meadows-chiro.com\\\/#website\",\"url\":\"https:\\\/\\\/meadows-chiro.com\\\/\",\"name\":\"Meadows Chiropractic\",\"description\":\"\",\"potentialAction\":[{\"@type\":\"SearchAction\",\"target\":{\"@type\":\"EntryPoint\",\"urlTemplate\":\"https:\\\/\\\/meadows-chiro.com\\\/?s={search_term_string}\"},\"query-input\":{\"@type\":\"PropertyValueSpecification\",\"valueRequired\":true,\"valueName\":\"search_term_string\"}}],\"inLanguage\":\"es-ES\"}]}<\/script>\n<!-- \/ Yoast SEO plugin. -->","yoast_head_json":{"title":"Dolor de Cabeza - Meadows Chiropractic","description":"La recuperaci\u00f3n de un accidente automovil\u00edstico puede ser un dolor de cabeza, metaf\u00f3rica y literalmente. Los dolores de cabeza y migra\u00f1as son s\u00edntomas muy","robots":{"index":"index","follow":"follow","max-snippet":"max-snippet:-1","max-image-preview":"max-image-preview:large","max-video-preview":"max-video-preview:-1"},"canonical":"https:\/\/meadows-chiro.com\/es\/servicios\/dolor-de-cabeza\/","og_locale":"es_ES","og_type":"article","og_title":"Dolor de Cabeza - Meadows Chiropractic","og_description":"La recuperaci\u00f3n de un accidente automovil\u00edstico puede ser un dolor de cabeza, metaf\u00f3rica y literalmente. Los dolores de cabeza y migra\u00f1as son s\u00edntomas muy","og_url":"https:\/\/meadows-chiro.com\/es\/servicios\/dolor-de-cabeza\/","og_site_name":"Meadows Chiropractic","article_modified_time":"2014-05-29T06:58:33+00:00","og_image":[{"url":"http:\/\/meadows.wpengine.com\/app\/uploads\/2014\/04\/iStock_000017314175Medium-headache-300x199.jpg","type":"","width":"","height":""}],"twitter_misc":{"Est. reading time":"2 minutes"},"schema":{"@context":"https:\/\/schema.org","@graph":[{"@type":"WebPage","@id":"https:\/\/meadows-chiro.com\/es\/servicios\/dolor-de-cabeza\/","url":"https:\/\/meadows-chiro.com\/es\/servicios\/dolor-de-cabeza\/","name":"Dolor de Cabeza - Meadows Chiropractic","isPartOf":{"@id":"https:\/\/meadows-chiro.com\/#website"},"primaryImageOfPage":{"@id":"https:\/\/meadows-chiro.com\/es\/servicios\/dolor-de-cabeza\/#primaryimage"},"image":{"@id":"https:\/\/meadows-chiro.com\/es\/servicios\/dolor-de-cabeza\/#primaryimage"},"thumbnailUrl":"http:\/\/meadows.wpengine.com\/wp-content\/uploads\/2014\/04\/iStock_000017314175Medium-headache-300x199.jpg","datePublished":"2014-04-16T05:21:22+00:00","dateModified":"2014-05-29T06:58:33+00:00","description":"La recuperaci\u00f3n de un accidente automovil\u00edstico puede ser un dolor de cabeza, metaf\u00f3rica y literalmente. Los dolores de cabeza y migra\u00f1as son s\u00edntomas muy","breadcrumb":{"@id":"https:\/\/meadows-chiro.com\/es\/servicios\/dolor-de-cabeza\/#breadcrumb"},"inLanguage":"es-ES","potentialAction":[{"@type":"ReadAction","target":["https:\/\/meadows-chiro.com\/es\/servicios\/dolor-de-cabeza\/"]}]},{"@type":"ImageObject","inLanguage":"es-ES","@id":"https:\/\/meadows-chiro.com\/es\/servicios\/dolor-de-cabeza\/#primaryimage","url":"http:\/\/meadows.wpengine.com\/wp-content\/uploads\/2014\/04\/iStock_000017314175Medium-headache-300x199.jpg","contentUrl":"http:\/\/meadows.wpengine.com\/wp-content\/uploads\/2014\/04\/iStock_000017314175Medium-headache-300x199.jpg"},{"@type":"BreadcrumbList","@id":"https:\/\/meadows-chiro.com\/es\/servicios\/dolor-de-cabeza\/#breadcrumb","itemListElement":[{"@type":"ListItem","position":1,"name":"Home","item":"https:\/\/meadows-chiro.com\/"},{"@type":"ListItem","position":2,"name":"Servicios","item":"https:\/\/meadows-chiro.com\/es\/servicios\/"},{"@type":"ListItem","position":3,"name":"Dolor de Cabeza"}]},{"@type":"WebSite","@id":"https:\/\/meadows-chiro.com\/#website","url":"https:\/\/meadows-chiro.com\/","name":"Meadows Chiropractic","description":"","potentialAction":[{"@type":"SearchAction","target":{"@type":"EntryPoint","urlTemplate":"https:\/\/meadows-chiro.com\/?s={search_term_string}"},"query-input":{"@type":"PropertyValueSpecification","valueRequired":true,"valueName":"search_term_string"}}],"inLanguage":"es-ES"}]}},"_links":{"self":[{"href":"https:\/\/meadows-chiro.com\/es\/wp-json\/wp\/v2\/pages\/259","targetHints":{"allow":["GET"]}}],"collection":[{"href":"https:\/\/meadows-chiro.com\/es\/wp-json\/wp\/v2\/pages"}],"about":[{"href":"https:\/\/meadows-chiro.com\/es\/wp-json\/wp\/v2\/types\/page"}],"author":[{"embeddable":true,"href":"https:\/\/meadows-chiro.com\/es\/wp-json\/wp\/v2\/users\/2"}],"replies":[{"embeddable":true,"href":"https:\/\/meadows-chiro.com\/es\/wp-json\/wp\/v2\/comments?post=259"}],"version-history":[{"count":0,"href":"https:\/\/meadows-chiro.com\/es\/wp-json\/wp\/v2\/pages\/259\/revisions"}],"up":[{"embeddable":true,"href":"https:\/\/meadows-chiro.com\/es\/wp-json\/wp\/v2\/pages\/36"}],"wp:attachment":[{"href":"https:\/\/meadows-chiro.com\/es\/wp-json\/wp\/v2\/media?parent=259"}],"curies":[{"name":"wp","href":"https:\/\/api.w.org\/{rel}","templated":true}]}}