{"id":141,"date":"-0001-11-30T00:00:00","date_gmt":"1970-01-01T00:00:00","guid":{"rendered":"http:\/\/jacktippettsdc.neonbrandhost.net\/?page_id=141"},"modified":"2014-05-19T18:01:25","modified_gmt":"2014-05-19T18:01:25","slug":"dolores-de-cabeza","status":"publish","type":"page","link":"https:\/\/meadows-chiro.com\/es\/servicios\/dolores-de-cabeza\/","title":{"rendered":"Dolores de Cabeza"},"content":{"rendered":"<p><em>El m\u00e9dico del futuro no dar\u00e1 medicinas, sino que despertara el inter\u00e9s del paciente por cuidar de su estructura f\u00edsica de su dieta y en la causa y prevenci\u00f3n de las enfermedades.<\/em> \u2013 Atribuido a Thomas Edison<\/p>\n<h2>\u00bfQu\u00e9 es el cuidado quiropr\u00e1ctico?<\/h2>\n<p><img loading=\"lazy\" decoding=\"async\" class=\"alignright size-full wp-image-155\" title=\"Headache\" src=\"https:\/\/meadows-chiro.com\/\/wp-content\/uploads\/2012\/09\/Headache.jpg\" alt=\"\" width=\"500\" height=\"332\" srcset=\"https:\/\/meadows-chiro.com\/wp-content\/uploads\/2012\/09\/Headache.jpg 500w, https:\/\/meadows-chiro.com\/wp-content\/uploads\/2012\/09\/Headache-300x199.jpg 300w\" sizes=\"auto, (max-width: 500px) 100vw, 500px\" \/>La quiropr\u00e1ctica es un m\u00e9todo natural de cuidado de la salud que da tratamiento a las causas de los problemas f\u00edsicos en lugar de solamente tratar los s\u00edntomas. La quiropr\u00e1ctica se basa en una premisa sencilla pero conveniente: cuando la columna vertebral funciona normalmente y el estilo de vida es sano, el cuerpo humano puede sanarse a s\u00ed mismo m\u00e1s f\u00e1cilmente. Esto se debe a que la medula espinal, que est\u00e1 protegida por la columna vertebral, es el camino principal del sistema nervioso. Controla las sensaciones, el movimiento y el funcionamiento de todo el cuerpo.<\/p>\n<p>La preparaci\u00f3n profesional de un quiropr\u00e1ctico incluye por lo menos seis a\u00f1os de estudios de ciencias y de cuidado de la salud, para obtener el t\u00edtulo de doctor en quiropr\u00e1ctica (DC). \u00c9l trabaja para restaurarle la salud y guiarlo individualmente hacia el bienestar general.<\/p>\n<h2>\u00bfQue causa los dolores de cabeza?<\/h2>\n<p>Muchas veces, los dolores de cabeza empiezan en la columna vertebral. La mala postura o una lesi\u00f3n pueden hacer que las v\u00e9rtebras queden mal alineadas, presionando los nervios y los vasos sangu\u00edneos. Cuando los nervios mandan se\u00f1ales de dolor a los m\u00fasculos del cuello, hacen que estos se contraigan, lo que puede empezar un dolor de cabeza. Algunas causas son el estr\u00e9s, la cafe\u00edna, el fumar, las alergias, el alcohol, algunas enfermedades y deficiencias en la nutrici\u00f3n.<\/p>\n<h2>\u00bfMe puede ayudar el cuidado quiropr\u00e1ctico?<\/h2>\n<p>Su doctor en quiropr\u00e1ctico estudiar\u00e1 su salud general y se concentrara no solo en su ci\u00e1tica sino tambi\u00e9n en su estilo de vida. Este enfoque global del bienestar le ayuda a determinar el mejor tratamiento para su problema.<\/p>\n<h3>Historia<\/h3>\n<p>Usted y su quiropr\u00e1ctico hablaran de sus s\u00edntomas, lesiones anteriores, su historial de alud y su estilo de vida, incluyendo las actividades f\u00edsicas relacionadas con su trabajo y sus diversiones.<\/p>\n<h3>Examen f\u00edsico<\/h3>\n<p>Las pruebas f\u00edsicas, ortop\u00e9dicas y neurol\u00f3gicas pueden indicar la condici\u00f3n de sus vertebras, sus discos y los m\u00fasculos de su columna vertebral. Suavemente, su quiropr\u00e1ctico tocara y mover\u00e1 su columna vertebral, buscando espasmos musculares y dolores y para ver que tan bien se mueve cada vertebra.<\/p>\n<h3>Radiograf\u00edas<\/h3>\n<p>Las radiograf\u00edas pueden indicar mala alineaci\u00f3n u otros problemas como fracturas o artritis. Si es necesario, le har\u00e1n otras pruebas.<\/p>\n<h3>Diagnostico<\/h3>\n<p>Bas\u00e1ndose en los resultados de su examen y de las otras pruebas, su doctor en quiropr\u00e1ctica podr\u00eda recomendarle un programa de tratamiento, para aliviar la irritaci\u00f3n que le est\u00e1 causando el dolor y los otros s\u00edntomas. Si fuera necesario, su quiropr\u00e1ctico consultara o lo mandara con otros especialistas m\u00e9dicos.<\/p>\n<h2>\u00bfC\u00f3mo trata el quiropr\u00e1ctico los dolores de cabeza?<\/h2>\n<p>El doctor en quiropr\u00e1ctica est\u00e1 entrenado para restaurar la salud de su columna vertebral, lo que puede aliviar la presi\u00f3n que est\u00e1 ocasionando sus dolores de cabeza.<\/p>\n<h3>Ajustes a la columna vertebral<\/h3>\n<p>Despu\u00e9s de localizar las v\u00e9rtebras que est\u00e9n mal alineados en su cuello o espalda, el quiropr\u00e1ctico usa las manos para hacer presi\u00f3n suave y volver las v\u00e9rtebras a su lugar. Estos ajustes pueden ayudar a aliviarle los dolores de cabeza al restaura la alineaci\u00f3n, mejorar el movimiento y aliviar el dolor y la rigidez.<\/p>\n<h3>Otros tratamientos<\/h3>\n<p>Su quiropr\u00e1ctico puede recomendarle otras clases de tratamientos para aliviar los dolores de cabeza. Aliviando la tensi\u00f3n muscular e hinchaz\u00f3n o mejorando la circulaci\u00f3n. Estos tratamientos podr\u00edan incluir calor h\u00famedo, aplicaciones de hielo, terapia dirigida al punto de origen del problema o tracci\u00f3n. Su quiropr\u00e1ctico puede hablar con usted de estas alternativas.<\/p>\n<h2>\u00bfQu\u00e9 puedo hacer para prevenir los dolores de cabeza?<\/h2>\n<h3>Buen apoyo<\/h3>\n<p>Cuando este sentado, de pie o acostado, mantenga la columna vertebral alineada. Hable con su quiropr\u00e1ctico sobre ejercicios sencillos para fortalecer el cuello. Tambi\u00e9n podr\u00eda prevenir ciertos dolores de cabeza evitando consumir cafe\u00edna, bebidas alcoh\u00f3licas y cigarrillos. Controle la tensi\u00f3n d\u00e1ndose tiempo para relajarse todos los d\u00edas.<\/p>\n<h3>Revisiones de la columna vertebral<\/h3>\n<p>As\u00ed como se necesitan ex\u00e1menes dentales con regularidad, usted y su familia tambi\u00e9n necesitan revisiones de la columna vertebral con regularidad. El cuidado quiropr\u00e1ctico es una de las mejores maneras de ayudar a prevenir los problemas de la columna vertebral que pueden provocar dolores de cabeza.<\/p>\n","protected":false},"excerpt":{"rendered":"<p>El m\u00e9dico del futuro no dar\u00e1 medicinas, sino que despertara el inter\u00e9s del paciente por cuidar de su estructura f\u00edsica de su dieta y en la causa y prevenci\u00f3n de las enfermedades. \u2013 Atribuido a Thomas Edison \u00bfQu\u00e9 es el cuidado quiropr\u00e1ctico? La quiropr\u00e1ctica es un m\u00e9todo natural de cuidado de la salud que da [&hellip;]<\/p>\n","protected":false},"author":2,"featured_media":155,"parent":36,"menu_order":0,"comment_status":"open","ping_status":"open","template":"","meta":{"_monsterinsights_skip_tracking":false,"_monsterinsights_sitenote_active":false,"_monsterinsights_sitenote_note":"","_monsterinsights_sitenote_category":0,"footnotes":""},"class_list":["post-141","page","type-page","status-publish","has-post-thumbnail","hentry","entry"],"yoast_head":"<!-- This site is optimized with the Yoast SEO plugin v27.4 - https:\/\/yoast.com\/product\/yoast-seo-wordpress\/ -->\n<title>Dolores de Cabeza - Meadows Chiropractic<\/title>\n<meta name=\"description\" content=\"El m\u00e9dico del futuro no dar\u00e1 medicinas, sino que despertara el inter\u00e9s del paciente por cuidar de su estructura f\u00edsica de su dieta y en la causa y\" \/>\n<meta name=\"robots\" content=\"index, follow, max-snippet:-1, max-image-preview:large, max-video-preview:-1\" \/>\n<link rel=\"canonical\" href=\"https:\/\/meadows-chiro.com\/es\/servicios\/dolores-de-cabeza\/\" \/>\n<meta property=\"og:locale\" content=\"es_ES\" \/>\n<meta property=\"og:type\" content=\"article\" \/>\n<meta property=\"og:title\" content=\"Dolores de Cabeza - Meadows Chiropractic\" \/>\n<meta property=\"og:description\" content=\"El m\u00e9dico del futuro no dar\u00e1 medicinas, sino que despertara el inter\u00e9s del paciente por cuidar de su estructura f\u00edsica de su dieta y en la causa y\" \/>\n<meta property=\"og:url\" content=\"https:\/\/meadows-chiro.com\/es\/servicios\/dolores-de-cabeza\/\" \/>\n<meta property=\"og:site_name\" content=\"Meadows Chiropractic\" \/>\n<meta property=\"article:modified_time\" content=\"2014-05-19T18:01:25+00:00\" \/>\n<meta property=\"og:image\" content=\"https:\/\/meadows-chiro.com\/app\/uploads\/2012\/09\/Headache.jpg\" \/>\n\t<meta property=\"og:image:width\" content=\"500\" \/>\n\t<meta property=\"og:image:height\" content=\"332\" \/>\n\t<meta property=\"og:image:type\" content=\"image\/jpeg\" \/>\n<meta name=\"twitter:label1\" content=\"Est. reading time\" \/>\n\t<meta name=\"twitter:data1\" content=\"4 minutes\" \/>\n<script type=\"application\/ld+json\" class=\"yoast-schema-graph\">{\"@context\":\"https:\\\/\\\/schema.org\",\"@graph\":[{\"@type\":\"WebPage\",\"@id\":\"https:\\\/\\\/meadows-chiro.com\\\/es\\\/servicios\\\/dolores-de-cabeza\\\/\",\"url\":\"https:\\\/\\\/meadows-chiro.com\\\/es\\\/servicios\\\/dolores-de-cabeza\\\/\",\"name\":\"Dolores de Cabeza - Meadows Chiropractic\",\"isPartOf\":{\"@id\":\"https:\\\/\\\/meadows-chiro.com\\\/#website\"},\"primaryImageOfPage\":{\"@id\":\"https:\\\/\\\/meadows-chiro.com\\\/es\\\/servicios\\\/dolores-de-cabeza\\\/#primaryimage\"},\"image\":{\"@id\":\"https:\\\/\\\/meadows-chiro.com\\\/es\\\/servicios\\\/dolores-de-cabeza\\\/#primaryimage\"},\"thumbnailUrl\":\"https:\\\/\\\/meadows-chiro.com\\\/wp-content\\\/uploads\\\/2012\\\/09\\\/Headache.jpg\",\"datePublished\":\"1970-01-01T00:00:00+00:00\",\"dateModified\":\"2014-05-19T18:01:25+00:00\",\"description\":\"El m\u00e9dico del futuro no dar\u00e1 medicinas, sino que despertara el inter\u00e9s del paciente por cuidar de su estructura f\u00edsica de su dieta y en la causa y\",\"breadcrumb\":{\"@id\":\"https:\\\/\\\/meadows-chiro.com\\\/es\\\/servicios\\\/dolores-de-cabeza\\\/#breadcrumb\"},\"inLanguage\":\"es-ES\",\"potentialAction\":[{\"@type\":\"ReadAction\",\"target\":[\"https:\\\/\\\/meadows-chiro.com\\\/es\\\/servicios\\\/dolores-de-cabeza\\\/\"]}]},{\"@type\":\"ImageObject\",\"inLanguage\":\"es-ES\",\"@id\":\"https:\\\/\\\/meadows-chiro.com\\\/es\\\/servicios\\\/dolores-de-cabeza\\\/#primaryimage\",\"url\":\"https:\\\/\\\/meadows-chiro.com\\\/wp-content\\\/uploads\\\/2012\\\/09\\\/Headache.jpg\",\"contentUrl\":\"https:\\\/\\\/meadows-chiro.com\\\/wp-content\\\/uploads\\\/2012\\\/09\\\/Headache.jpg\",\"width\":\"500\",\"height\":\"332\"},{\"@type\":\"BreadcrumbList\",\"@id\":\"https:\\\/\\\/meadows-chiro.com\\\/es\\\/servicios\\\/dolores-de-cabeza\\\/#breadcrumb\",\"itemListElement\":[{\"@type\":\"ListItem\",\"position\":1,\"name\":\"Home\",\"item\":\"https:\\\/\\\/meadows-chiro.com\\\/\"},{\"@type\":\"ListItem\",\"position\":2,\"name\":\"Servicios\",\"item\":\"https:\\\/\\\/meadows-chiro.com\\\/es\\\/servicios\\\/\"},{\"@type\":\"ListItem\",\"position\":3,\"name\":\"Dolores de Cabeza\"}]},{\"@type\":\"WebSite\",\"@id\":\"https:\\\/\\\/meadows-chiro.com\\\/#website\",\"url\":\"https:\\\/\\\/meadows-chiro.com\\\/\",\"name\":\"Meadows Chiropractic\",\"description\":\"\",\"potentialAction\":[{\"@type\":\"SearchAction\",\"target\":{\"@type\":\"EntryPoint\",\"urlTemplate\":\"https:\\\/\\\/meadows-chiro.com\\\/?s={search_term_string}\"},\"query-input\":{\"@type\":\"PropertyValueSpecification\",\"valueRequired\":true,\"valueName\":\"search_term_string\"}}],\"inLanguage\":\"es-ES\"}]}<\/script>\n<!-- \/ Yoast SEO plugin. -->","yoast_head_json":{"title":"Dolores de Cabeza - Meadows Chiropractic","description":"El m\u00e9dico del futuro no dar\u00e1 medicinas, sino que despertara el inter\u00e9s del paciente por cuidar de su estructura f\u00edsica de su dieta y en la causa y","robots":{"index":"index","follow":"follow","max-snippet":"max-snippet:-1","max-image-preview":"max-image-preview:large","max-video-preview":"max-video-preview:-1"},"canonical":"https:\/\/meadows-chiro.com\/es\/servicios\/dolores-de-cabeza\/","og_locale":"es_ES","og_type":"article","og_title":"Dolores de Cabeza - Meadows Chiropractic","og_description":"El m\u00e9dico del futuro no dar\u00e1 medicinas, sino que despertara el inter\u00e9s del paciente por cuidar de su estructura f\u00edsica de su dieta y en la causa y","og_url":"https:\/\/meadows-chiro.com\/es\/servicios\/dolores-de-cabeza\/","og_site_name":"Meadows Chiropractic","article_modified_time":"2014-05-19T18:01:25+00:00","og_image":[{"width":500,"height":332,"url":"https:\/\/meadows-chiro.com\/app\/uploads\/2012\/09\/Headache.jpg","type":"image\/jpeg"}],"twitter_misc":{"Est. reading time":"4 minutes"},"schema":{"@context":"https:\/\/schema.org","@graph":[{"@type":"WebPage","@id":"https:\/\/meadows-chiro.com\/es\/servicios\/dolores-de-cabeza\/","url":"https:\/\/meadows-chiro.com\/es\/servicios\/dolores-de-cabeza\/","name":"Dolores de Cabeza - Meadows Chiropractic","isPartOf":{"@id":"https:\/\/meadows-chiro.com\/#website"},"primaryImageOfPage":{"@id":"https:\/\/meadows-chiro.com\/es\/servicios\/dolores-de-cabeza\/#primaryimage"},"image":{"@id":"https:\/\/meadows-chiro.com\/es\/servicios\/dolores-de-cabeza\/#primaryimage"},"thumbnailUrl":"https:\/\/meadows-chiro.com\/wp-content\/uploads\/2012\/09\/Headache.jpg","datePublished":"1970-01-01T00:00:00+00:00","dateModified":"2014-05-19T18:01:25+00:00","description":"El m\u00e9dico del futuro no dar\u00e1 medicinas, sino que despertara el inter\u00e9s del paciente por cuidar de su estructura f\u00edsica de su dieta y en la causa y","breadcrumb":{"@id":"https:\/\/meadows-chiro.com\/es\/servicios\/dolores-de-cabeza\/#breadcrumb"},"inLanguage":"es-ES","potentialAction":[{"@type":"ReadAction","target":["https:\/\/meadows-chiro.com\/es\/servicios\/dolores-de-cabeza\/"]}]},{"@type":"ImageObject","inLanguage":"es-ES","@id":"https:\/\/meadows-chiro.com\/es\/servicios\/dolores-de-cabeza\/#primaryimage","url":"https:\/\/meadows-chiro.com\/wp-content\/uploads\/2012\/09\/Headache.jpg","contentUrl":"https:\/\/meadows-chiro.com\/wp-content\/uploads\/2012\/09\/Headache.jpg","width":"500","height":"332"},{"@type":"BreadcrumbList","@id":"https:\/\/meadows-chiro.com\/es\/servicios\/dolores-de-cabeza\/#breadcrumb","itemListElement":[{"@type":"ListItem","position":1,"name":"Home","item":"https:\/\/meadows-chiro.com\/"},{"@type":"ListItem","position":2,"name":"Servicios","item":"https:\/\/meadows-chiro.com\/es\/servicios\/"},{"@type":"ListItem","position":3,"name":"Dolores de Cabeza"}]},{"@type":"WebSite","@id":"https:\/\/meadows-chiro.com\/#website","url":"https:\/\/meadows-chiro.com\/","name":"Meadows Chiropractic","description":"","potentialAction":[{"@type":"SearchAction","target":{"@type":"EntryPoint","urlTemplate":"https:\/\/meadows-chiro.com\/?s={search_term_string}"},"query-input":{"@type":"PropertyValueSpecification","valueRequired":true,"valueName":"search_term_string"}}],"inLanguage":"es-ES"}]}},"_links":{"self":[{"href":"https:\/\/meadows-chiro.com\/es\/wp-json\/wp\/v2\/pages\/141","targetHints":{"allow":["GET"]}}],"collection":[{"href":"https:\/\/meadows-chiro.com\/es\/wp-json\/wp\/v2\/pages"}],"about":[{"href":"https:\/\/meadows-chiro.com\/es\/wp-json\/wp\/v2\/types\/page"}],"author":[{"embeddable":true,"href":"https:\/\/meadows-chiro.com\/es\/wp-json\/wp\/v2\/users\/2"}],"replies":[{"embeddable":true,"href":"https:\/\/meadows-chiro.com\/es\/wp-json\/wp\/v2\/comments?post=141"}],"version-history":[{"count":0,"href":"https:\/\/meadows-chiro.com\/es\/wp-json\/wp\/v2\/pages\/141\/revisions"}],"up":[{"embeddable":true,"href":"https:\/\/meadows-chiro.com\/es\/wp-json\/wp\/v2\/pages\/36"}],"wp:featuredmedia":[{"embeddable":true,"href":"https:\/\/meadows-chiro.com\/es\/wp-json\/wp\/v2\/media\/155"}],"wp:attachment":[{"href":"https:\/\/meadows-chiro.com\/es\/wp-json\/wp\/v2\/media?parent=141"}],"curies":[{"name":"wp","href":"https:\/\/api.w.org\/{rel}","templated":true}]}}